{"id":99,"date":"2022-01-07T03:42:56","date_gmt":"2022-01-07T03:42:56","guid":{"rendered":"https:\/\/torres-saldana.ec\/?page_id=99"},"modified":"2024-05-08T15:58:10","modified_gmt":"2024-05-08T15:58:10","slug":"contacto","status":"publish","type":"page","link":"https:\/\/torres-saldana.ec\/en\/contacto\/","title":{"rendered":"Contact"},"content":{"rendered":"\t\t<div data-elementor-type=\"wp-page\" data-elementor-id=\"99\" class=\"elementor elementor-99\">\n\t\t\t\t\t\t<section class=\"elementor-section elementor-top-section elementor-element elementor-element-86c3722 elementor-section-height-min-height elementor-section-boxed elementor-section-height-default elementor-section-items-middle\" data-id=\"86c3722\" data-element_type=\"section\" data-e-type=\"section\" data-settings=\"{&quot;background_background&quot;:&quot;classic&quot;}\">\n\t\t\t\t\t\t\t<div class=\"elementor-background-overlay\"><\/div>\n\t\t\t\t\t\t\t<div class=\"elementor-container elementor-column-gap-default\">\n\t\t\t\t\t<div class=\"elementor-column elementor-col-100 elementor-top-column elementor-element elementor-element-07ec2cd\" data-id=\"07ec2cd\" data-element_type=\"column\" data-e-type=\"column\">\n\t\t\t<div class=\"elementor-widget-wrap elementor-element-populated\">\n\t\t\t\t\t\t<div class=\"elementor-element elementor-element-762797e elementor-widget elementor-widget-heading\" data-id=\"762797e\" data-element_type=\"widget\" data-e-type=\"widget\" data-widget_type=\"heading.default\">\n\t\t\t\t<div class=\"elementor-widget-container\">\n\t\t\t\t\t<h1 class=\"elementor-heading-title elementor-size-default\">Contacto<\/h1>\t\t\t\t<\/div>\n\t\t\t\t<\/div>\n\t\t\t\t\t<\/div>\n\t\t<\/div>\n\t\t\t\t\t<\/div>\n\t\t<\/section>\n\t\t\t\t<section class=\"elementor-section elementor-top-section elementor-element elementor-element-385db87 elementor-section-boxed elementor-section-height-default elementor-section-height-default\" data-id=\"385db87\" data-element_type=\"section\" data-e-type=\"section\">\n\t\t\t\t\t\t<div class=\"elementor-container elementor-column-gap-default\">\n\t\t\t\t\t<div class=\"elementor-column elementor-col-50 elementor-top-column elementor-element elementor-element-eea186f\" data-id=\"eea186f\" data-element_type=\"column\" data-e-type=\"column\">\n\t\t\t<div class=\"elementor-widget-wrap elementor-element-populated\">\n\t\t\t\t\t\t<div class=\"elementor-element elementor-element-8df7383 elementor-widget elementor-widget-text-editor\" data-id=\"8df7383\" data-element_type=\"widget\" data-e-type=\"widget\" data-widget_type=\"text-editor.default\">\n\t\t\t\t<div class=\"elementor-widget-container\">\n\t\t\t\t\t\t\t\t\t<p>Emails:<br \/><a href=\"mailto:dtorres@torres-saldana.ec\">dtorres@torres-saldana.ec<\/a><\/p><p>Tel\u00e9fonos:<br \/><a href=\"tel:593978981893\">+593 07 2 84 51 36<\/a><\/p>\t\t\t\t\t\t\t\t<\/div>\n\t\t\t\t<\/div>\n\t\t\t\t\t<\/div>\n\t\t<\/div>\n\t\t\t\t<div class=\"elementor-column elementor-col-50 elementor-top-column elementor-element elementor-element-201eb7e\" data-id=\"201eb7e\" data-element_type=\"column\" data-e-type=\"column\">\n\t\t\t<div class=\"elementor-widget-wrap elementor-element-populated\">\n\t\t\t\t\t\t<div class=\"elementor-element elementor-element-5fcdacb elementor-button-align-stretch elementor-widget elementor-widget-form\" data-id=\"5fcdacb\" data-element_type=\"widget\" data-e-type=\"widget\" data-settings=\"{&quot;button_width&quot;:&quot;25&quot;,&quot;step_next_label&quot;:&quot;Next&quot;,&quot;step_previous_label&quot;:&quot;Previous&quot;,&quot;step_type&quot;:&quot;number_text&quot;,&quot;step_icon_shape&quot;:&quot;circle&quot;}\" data-widget_type=\"form.default\">\n\t\t\t\t<div class=\"elementor-widget-container\">\n\t\t\t\t\t\t\t<form class=\"elementor-form\" method=\"post\" name=\"Formulario de contacto web\">\n\t\t\t<input type=\"hidden\" name=\"post_id\" value=\"99\"\/>\n\t\t\t<input type=\"hidden\" name=\"form_id\" value=\"5fcdacb\"\/>\n\t\t\t<input type=\"hidden\" name=\"referer_title\" value=\"Torres Salda\u00f1a\" \/>\n\n\t\t\t\n\t\t\t<div class=\"elementor-form-fields-wrapper elementor-labels-above\">\n\t\t\t\t\t\t\t\t<div class=\"elementor-field-type-text elementor-field-group elementor-column elementor-field-group-name elementor-col-100\">\n\t\t\t\t\t\t\t\t\t\t\t\t<label for=\"form-field-name\" class=\"elementor-field-label\">\n\t\t\t\t\t\t\t\tNombre\t\t\t\t\t\t\t<\/label>\n\t\t\t\t\t\t\t\t\t\t\t\t\t\t<input size=\"1\" type=\"text\" name=\"form_fields[name]\" id=\"form-field-name\" class=\"elementor-field elementor-size-sm  elementor-field-textual\" placeholder=\"Escriba su nombre\">\n\t\t\t\t\t\t\t\t\t\t\t<\/div>\n\t\t\t\t\t\t\t\t<div class=\"elementor-field-type-email elementor-field-group elementor-column elementor-field-group-email elementor-col-100 elementor-field-required\">\n\t\t\t\t\t\t\t\t\t\t\t\t<label for=\"form-field-email\" class=\"elementor-field-label\">\n\t\t\t\t\t\t\t\tEmail\t\t\t\t\t\t\t<\/label>\n\t\t\t\t\t\t\t\t\t\t\t\t\t\t<input size=\"1\" type=\"email\" name=\"form_fields[email]\" id=\"form-field-email\" class=\"elementor-field elementor-size-sm  elementor-field-textual\" placeholder=\"Escriba su email\" required=\"required\" aria-required=\"true\">\n\t\t\t\t\t\t\t\t\t\t\t<\/div>\n\t\t\t\t\t\t\t\t<div class=\"elementor-field-type-textarea elementor-field-group elementor-column elementor-field-group-message elementor-col-100\">\n\t\t\t\t\t\t\t\t\t\t\t\t<label for=\"form-field-message\" class=\"elementor-field-label\">\n\t\t\t\t\t\t\t\tMensaje\t\t\t\t\t\t\t<\/label>\n\t\t\t\t\t\t<textarea class=\"elementor-field-textual elementor-field  elementor-size-sm\" name=\"form_fields[message]\" id=\"form-field-message\" rows=\"4\" placeholder=\"Escriba su mensaje\"><\/textarea>\t\t\t\t<\/div>\n\t\t\t\t\t\t\t\t<div class=\"elementor-field-group elementor-column elementor-field-type-submit elementor-col-25 e-form__buttons\">\n\t\t\t\t\t<button type=\"submit\" class=\"elementor-button elementor-size-sm\">\n\t\t\t\t\t\t<span >\n\t\t\t\t\t\t\t\t\t\t\t\t\t\t\t<span class=\" elementor-button-icon\">\n\t\t\t\t\t\t\t\t\t\t\t\t\t\t\t\t\t\t\t\t\t\t\t\t\t\t<\/span>\n\t\t\t\t\t\t\t\t\t\t\t\t\t\t\t\t\t\t\t\t\t\t<span class=\"elementor-button-text\">Enviar<\/span>\n\t\t\t\t\t\t\t\t\t\t\t\t\t<\/span>\n\t\t\t\t\t<\/button>\n\t\t\t\t<\/div>\n\t\t\t<\/div>\n\t\t<\/form>\n\t\t\t\t\t\t<\/div>\n\t\t\t\t<\/div>\n\t\t\t\t\t<\/div>\n\t\t<\/div>\n\t\t\t\t\t<\/div>\n\t\t<\/section>\n\t\t\t\t<section class=\"elementor-section elementor-top-section elementor-element elementor-element-33130c0 elementor-section-boxed elementor-section-height-default elementor-section-height-default\" data-id=\"33130c0\" data-element_type=\"section\" data-e-type=\"section\">\n\t\t\t\t\t\t<div class=\"elementor-container elementor-column-gap-default\">\n\t\t\t\t\t<div class=\"elementor-column elementor-col-100 elementor-top-column elementor-element elementor-element-72e0acf\" data-id=\"72e0acf\" data-element_type=\"column\" data-e-type=\"column\">\n\t\t\t<div class=\"elementor-widget-wrap elementor-element-populated\">\n\t\t\t\t\t\t<div class=\"elementor-element elementor-element-e4d9ef6 elementor-widget elementor-widget-text-editor\" data-id=\"e4d9ef6\" data-element_type=\"widget\" data-e-type=\"widget\" data-widget_type=\"text-editor.default\">\n\t\t\t\t<div class=\"elementor-widget-container\">\n\t\t\t\t\t\t\t\t\t<p>Direcci\u00f3n:<br>Calle Sucre 6-60,&nbsp;Edificio Bol\u00edvar. Piso 3, oficina 303 A. Cuenca &#8211; Ecuador<\/p>\t\t\t\t\t\t\t\t<\/div>\n\t\t\t\t<\/div>\n\t\t\t\t<div class=\"elementor-element elementor-element-c1793bb elementor-widget elementor-widget-google_maps\" data-id=\"c1793bb\" data-element_type=\"widget\" data-e-type=\"widget\" data-widget_type=\"google_maps.default\">\n\t\t\t\t<div class=\"elementor-widget-container\">\n\t\t\t\t\t\t\t<div class=\"elementor-custom-embed\">\n\t\t\t<iframe loading=\"lazy\"\n\t\t\t\t\tsrc=\"https:\/\/maps.google.com\/maps?q=Edificio%20Bolivar%2C%20Cuenca&#038;t=m&#038;z=15&#038;output=embed&#038;iwloc=near\"\n\t\t\t\t\ttitle=\"Edificio Bolivar, Cuenca\"\n\t\t\t\t\taria-label=\"Edificio Bolivar, Cuenca\"\n\t\t\t><\/iframe>\n\t\t<\/div>\n\t\t\t\t\t\t<\/div>\n\t\t\t\t<\/div>\n\t\t\t\t\t<\/div>\n\t\t<\/div>\n\t\t\t\t\t<\/div>\n\t\t<\/section>\n\t\t\t\t<\/div>\n\t\t","protected":false},"excerpt":{"rendered":"<p>Contacto Emails:dtorres@torres-saldana.ec Tel\u00e9fonos:+593 07 2 84 51 36 Direcci\u00f3n:Calle Sucre 6-60,&nbsp;Edificio Bol\u00edvar. Piso 3, oficina 303 A. Cuenca &#8211; Ecuador<\/p>","protected":false},"author":1,"featured_media":0,"parent":0,"menu_order":0,"comment_status":"closed","ping_status":"closed","template":"elementor_header_footer","meta":{"_monsterinsights_skip_tracking":false,"_monsterinsights_sitenote_active":false,"_monsterinsights_sitenote_note":"","_monsterinsights_sitenote_category":0,"footnotes":""},"class_list":["post-99","page","type-page","status-publish","hentry","entry"],"yoast_head":"<!-- This site is optimized with the Yoast SEO plugin v24.2 - https:\/\/yoast.com\/wordpress\/plugins\/seo\/ -->\n<title>Contacto - Torres Salda\u00f1a<\/title>\n<meta name=\"robots\" content=\"index, follow, max-snippet:-1, max-image-preview:large, max-video-preview:-1\" \/>\n<link rel=\"canonical\" href=\"https:\/\/torres-saldana.ec\/en\/contacto\/\" \/>\n<meta property=\"og:locale\" content=\"en_US\" \/>\n<meta property=\"og:type\" content=\"article\" \/>\n<meta property=\"og:title\" content=\"Contacto - Torres Salda\u00f1a\" \/>\n<meta property=\"og:description\" content=\"Contacto Emails:dtorres@torres-saldana.ec Tel\u00e9fonos:+593 07 2 84 51 36 Direcci\u00f3n:Calle Sucre 6-60,&nbsp;Edificio Bol\u00edvar. Piso 3, oficina 303 A. Cuenca &#8211; Ecuador\" \/>\n<meta property=\"og:url\" content=\"https:\/\/torres-saldana.ec\/en\/contacto\/\" \/>\n<meta property=\"og:site_name\" content=\"Torres Salda\u00f1a\" \/>\n<meta property=\"article:modified_time\" content=\"2024-05-08T15:58:10+00:00\" \/>\n<meta name=\"twitter:card\" content=\"summary_large_image\" \/>\n<script type=\"application\/ld+json\" class=\"yoast-schema-graph\">{\"@context\":\"https:\/\/schema.org\",\"@graph\":[{\"@type\":\"WebPage\",\"@id\":\"https:\/\/torres-saldana.ec\/contacto\/\",\"url\":\"https:\/\/torres-saldana.ec\/contacto\/\",\"name\":\"Contacto - Torres Salda\u00f1a\",\"isPartOf\":{\"@id\":\"https:\/\/torres-saldana.ec\/#website\"},\"datePublished\":\"2022-01-07T03:42:56+00:00\",\"dateModified\":\"2024-05-08T15:58:10+00:00\",\"breadcrumb\":{\"@id\":\"https:\/\/torres-saldana.ec\/contacto\/#breadcrumb\"},\"inLanguage\":\"en-US\",\"potentialAction\":[{\"@type\":\"ReadAction\",\"target\":[\"https:\/\/torres-saldana.ec\/contacto\/\"]}]},{\"@type\":\"BreadcrumbList\",\"@id\":\"https:\/\/torres-saldana.ec\/contacto\/#breadcrumb\",\"itemListElement\":[{\"@type\":\"ListItem\",\"position\":1,\"name\":\"Portada\",\"item\":\"https:\/\/torres-saldana.ec\/\"},{\"@type\":\"ListItem\",\"position\":2,\"name\":\"Contacto\"}]},{\"@type\":\"WebSite\",\"@id\":\"https:\/\/torres-saldana.ec\/#website\",\"url\":\"https:\/\/torres-saldana.ec\/\",\"name\":\"Torres Salda\u00f1a\",\"description\":\"Consultorio Jur&iacute;dico\",\"publisher\":{\"@id\":\"https:\/\/torres-saldana.ec\/#organization\"},\"potentialAction\":[{\"@type\":\"SearchAction\",\"target\":{\"@type\":\"EntryPoint\",\"urlTemplate\":\"https:\/\/torres-saldana.ec\/?s={search_term_string}\"},\"query-input\":{\"@type\":\"PropertyValueSpecification\",\"valueRequired\":true,\"valueName\":\"search_term_string\"}}],\"inLanguage\":\"en-US\"},{\"@type\":\"Organization\",\"@id\":\"https:\/\/torres-saldana.ec\/#organization\",\"name\":\"Torres Salda\u00f1a\",\"url\":\"https:\/\/torres-saldana.ec\/\",\"logo\":{\"@type\":\"ImageObject\",\"inLanguage\":\"en-US\",\"@id\":\"https:\/\/torres-saldana.ec\/#\/schema\/logo\/image\/\",\"url\":\"https:\/\/torres-saldana.ec\/wp-content\/uploads\/2022\/03\/Asset-19.png\",\"contentUrl\":\"https:\/\/torres-saldana.ec\/wp-content\/uploads\/2022\/03\/Asset-19.png\",\"width\":2751,\"height\":600,\"caption\":\"Torres Salda\u00f1a\"},\"image\":{\"@id\":\"https:\/\/torres-saldana.ec\/#\/schema\/logo\/image\/\"}}]}<\/script>\n<!-- \/ Yoast SEO plugin. -->","yoast_head_json":{"title":"Contacto - Torres Salda\u00f1a","robots":{"index":"index","follow":"follow","max-snippet":"max-snippet:-1","max-image-preview":"max-image-preview:large","max-video-preview":"max-video-preview:-1"},"canonical":"https:\/\/torres-saldana.ec\/en\/contacto\/","og_locale":"en_US","og_type":"article","og_title":"Contacto - Torres Salda\u00f1a","og_description":"Contacto Emails:dtorres@torres-saldana.ec Tel\u00e9fonos:+593 07 2 84 51 36 Direcci\u00f3n:Calle Sucre 6-60,&nbsp;Edificio Bol\u00edvar. Piso 3, oficina 303 A. Cuenca &#8211; Ecuador","og_url":"https:\/\/torres-saldana.ec\/en\/contacto\/","og_site_name":"Torres Salda\u00f1a","article_modified_time":"2024-05-08T15:58:10+00:00","twitter_card":"summary_large_image","schema":{"@context":"https:\/\/schema.org","@graph":[{"@type":"WebPage","@id":"https:\/\/torres-saldana.ec\/contacto\/","url":"https:\/\/torres-saldana.ec\/contacto\/","name":"Contacto - Torres Salda\u00f1a","isPartOf":{"@id":"https:\/\/torres-saldana.ec\/#website"},"datePublished":"2022-01-07T03:42:56+00:00","dateModified":"2024-05-08T15:58:10+00:00","breadcrumb":{"@id":"https:\/\/torres-saldana.ec\/contacto\/#breadcrumb"},"inLanguage":"en-US","potentialAction":[{"@type":"ReadAction","target":["https:\/\/torres-saldana.ec\/contacto\/"]}]},{"@type":"BreadcrumbList","@id":"https:\/\/torres-saldana.ec\/contacto\/#breadcrumb","itemListElement":[{"@type":"ListItem","position":1,"name":"Portada","item":"https:\/\/torres-saldana.ec\/"},{"@type":"ListItem","position":2,"name":"Contacto"}]},{"@type":"WebSite","@id":"https:\/\/torres-saldana.ec\/#website","url":"https:\/\/torres-saldana.ec\/","name":"Torres Salda\u00f1a","description":"Consultorio Jur&iacute;dico","publisher":{"@id":"https:\/\/torres-saldana.ec\/#organization"},"potentialAction":[{"@type":"SearchAction","target":{"@type":"EntryPoint","urlTemplate":"https:\/\/torres-saldana.ec\/?s={search_term_string}"},"query-input":{"@type":"PropertyValueSpecification","valueRequired":true,"valueName":"search_term_string"}}],"inLanguage":"en-US"},{"@type":"Organization","@id":"https:\/\/torres-saldana.ec\/#organization","name":"Torres Salda\u00f1a","url":"https:\/\/torres-saldana.ec\/","logo":{"@type":"ImageObject","inLanguage":"en-US","@id":"https:\/\/torres-saldana.ec\/#\/schema\/logo\/image\/","url":"https:\/\/torres-saldana.ec\/wp-content\/uploads\/2022\/03\/Asset-19.png","contentUrl":"https:\/\/torres-saldana.ec\/wp-content\/uploads\/2022\/03\/Asset-19.png","width":2751,"height":600,"caption":"Torres Salda\u00f1a"},"image":{"@id":"https:\/\/torres-saldana.ec\/#\/schema\/logo\/image\/"}}]}},"_links":{"self":[{"href":"https:\/\/torres-saldana.ec\/en\/wp-json\/wp\/v2\/pages\/99","targetHints":{"allow":["GET"]}}],"collection":[{"href":"https:\/\/torres-saldana.ec\/en\/wp-json\/wp\/v2\/pages"}],"about":[{"href":"https:\/\/torres-saldana.ec\/en\/wp-json\/wp\/v2\/types\/page"}],"author":[{"embeddable":true,"href":"https:\/\/torres-saldana.ec\/en\/wp-json\/wp\/v2\/users\/1"}],"replies":[{"embeddable":true,"href":"https:\/\/torres-saldana.ec\/en\/wp-json\/wp\/v2\/comments?post=99"}],"version-history":[{"count":112,"href":"https:\/\/torres-saldana.ec\/en\/wp-json\/wp\/v2\/pages\/99\/revisions"}],"predecessor-version":[{"id":2291,"href":"https:\/\/torres-saldana.ec\/en\/wp-json\/wp\/v2\/pages\/99\/revisions\/2291"}],"wp:attachment":[{"href":"https:\/\/torres-saldana.ec\/en\/wp-json\/wp\/v2\/media?parent=99"}],"curies":[{"name":"wp","href":"https:\/\/api.w.org\/{rel}","templated":true}]}}