{"id":110,"date":"2022-01-07T03:44:30","date_gmt":"2022-01-07T03:44:30","guid":{"rendered":"https:\/\/torres-saldana.ec\/?page_id=110"},"modified":"2022-03-17T02:18:21","modified_gmt":"2022-03-17T02:18:21","slug":"boletin","status":"publish","type":"page","link":"https:\/\/torres-saldana.ec\/en\/boletin\/","title":{"rendered":"Bulletin"},"content":{"rendered":"<div data-elementor-type=\"wp-page\" data-elementor-id=\"110\" class=\"elementor elementor-110\">\n\t\t\t\t\t\t<section class=\"elementor-section elementor-top-section elementor-element elementor-element-c5b2347 elementor-section-height-min-height elementor-section-boxed elementor-section-height-default elementor-section-items-middle\" data-id=\"c5b2347\" data-element_type=\"section\" data-e-type=\"section\" data-settings=\"{&quot;background_background&quot;:&quot;classic&quot;}\">\n\t\t\t\t\t\t\t<div class=\"elementor-background-overlay\"><\/div>\n\t\t\t\t\t\t\t<div class=\"elementor-container elementor-column-gap-default\">\n\t\t\t\t\t<div class=\"elementor-column elementor-col-100 elementor-top-column elementor-element elementor-element-da4cd48\" data-id=\"da4cd48\" data-element_type=\"column\" data-e-type=\"column\">\n\t\t\t<div class=\"elementor-widget-wrap elementor-element-populated\">\n\t\t\t\t\t\t<div class=\"elementor-element elementor-element-616524f elementor-widget elementor-widget-heading\" data-id=\"616524f\" data-element_type=\"widget\" data-e-type=\"widget\" data-widget_type=\"heading.default\">\n\t\t\t\t<div class=\"elementor-widget-container\">\n\t\t\t\t\t<h1 class=\"elementor-heading-title elementor-size-default\">Bulletin<\/h1>\t\t\t\t<\/div>\n\t\t\t\t<\/div>\n\t\t\t\t\t<\/div>\n\t\t<\/div>\n\t\t\t\t\t<\/div>\n\t\t<\/section>\n\t\t\t\t<section class=\"elementor-section elementor-top-section elementor-element elementor-element-a1dba39 elementor-section-boxed elementor-section-height-default elementor-section-height-default\" data-id=\"a1dba39\" data-element_type=\"section\" data-e-type=\"section\">\n\t\t\t\t\t\t<div class=\"elementor-container elementor-column-gap-default\">\n\t\t\t\t\t<div class=\"elementor-column elementor-col-100 elementor-top-column elementor-element elementor-element-bfc4941\" data-id=\"bfc4941\" data-element_type=\"column\" data-e-type=\"column\">\n\t\t\t<div class=\"elementor-widget-wrap elementor-element-populated\">\n\t\t\t\t\t\t<div class=\"elementor-element elementor-element-946e5cd elementor-widget elementor-widget-text-editor\" data-id=\"946e5cd\" data-element_type=\"widget\" data-e-type=\"widget\" data-widget_type=\"text-editor.default\">\n\t\t\t\t<div class=\"elementor-widget-container\">\n\t\t\t\t\t\t\t\t\t<p>From time to time we publish about legislative issues of interest to society. Explore our publications and analysis prepared by our team of professionals.&nbsp;<\/p>\t\t\t\t\t\t\t\t<\/div>\n\t\t\t\t<\/div>\n\t\t\t\t<div class=\"elementor-element elementor-element-822924e elementor-grid-3 elementor-grid-tablet-2 elementor-grid-mobile-1 elementor-posts--thumbnail-top elementor-widget elementor-widget-posts\" data-id=\"822924e\" data-element_type=\"widget\" data-e-type=\"widget\" data-settings=\"{&quot;classic_columns&quot;:&quot;3&quot;,&quot;classic_columns_tablet&quot;:&quot;2&quot;,&quot;classic_columns_mobile&quot;:&quot;1&quot;,&quot;classic_row_gap&quot;:{&quot;unit&quot;:&quot;px&quot;,&quot;size&quot;:35,&quot;sizes&quot;:[]},&quot;classic_row_gap_tablet&quot;:{&quot;unit&quot;:&quot;px&quot;,&quot;size&quot;:&quot;&quot;,&quot;sizes&quot;:[]},&quot;classic_row_gap_mobile&quot;:{&quot;unit&quot;:&quot;px&quot;,&quot;size&quot;:&quot;&quot;,&quot;sizes&quot;:[]}}\" data-widget_type=\"posts.classic\">\n\t\t\t\t<div class=\"elementor-widget-container\">\n\t\t\t\t\t\t\t<div class=\"elementor-posts-container elementor-posts elementor-posts--skin-classic elementor-grid\">\n\t\t\t\t<article class=\"elementor-post elementor-grid-item post-1220 post type-post status-publish format-standard has-post-thumbnail hentry category-uncategorized entry\">\n\t\t\t\t<a class=\"elementor-post__thumbnail__link\" href=\"https:\/\/torres-saldana.ec\/en\/ecuadorian-law-firm-torres-saldana-launches\/\" >\n\t\t\t<div class=\"elementor-post__thumbnail\"><img fetchpriority=\"high\" decoding=\"async\" width=\"640\" height=\"360\" src=\"https:\/\/torres-saldana.ec\/wp-content\/uploads\/2022\/03\/Leaders-League-Torres-Saldana.jpg\" class=\"attachment-full size-full wp-image-1221\" alt=\"\" style=\"width:100%;height:56.25%;max-width:640px\" srcset=\"https:\/\/torres-saldana.ec\/wp-content\/uploads\/2022\/03\/Leaders-League-Torres-Saldana.jpg 640w, https:\/\/torres-saldana.ec\/wp-content\/uploads\/2022\/03\/Leaders-League-Torres-Saldana-300x169.jpg 300w, https:\/\/torres-saldana.ec\/wp-content\/uploads\/2022\/03\/Leaders-League-Torres-Saldana-18x10.jpg 18w\" sizes=\"(max-width: 640px) 100vw, 640px\" \/><\/div>\n\t\t<\/a>\n\t\t\t\t<div class=\"elementor-post__text\">\n\t\t\t\t<h3 class=\"elementor-post__title\">\n\t\t\t<a href=\"https:\/\/torres-saldana.ec\/en\/ecuadorian-law-firm-torres-saldana-launches\/\" >\n\t\t\t\tEcuadorian law firm Torres Salda\u00f1a launches\t\t\t<\/a>\n\t\t<\/h3>\n\t\t\t\t<div class=\"elementor-post__meta-data\">\n\t\t\t\t\t<span class=\"elementor-post-date\">\n\t\t\tMarch 29, 2022\t\t<\/span>\n\t\t\t\t<\/div>\n\t\t\t\t<div class=\"elementor-post__excerpt\">\n\t\t\t<p>La firma fue fundada por Diego Torres Borja, abogado especialista en litigio societario, notarial, bancario, comercial y comercial, quien inici\u00f3 su pr\u00e1ctica profesional en 1978,<\/p>\n\t\t<\/div>\n\t\t\n\t\t<a class=\"elementor-post__read-more\" href=\"https:\/\/torres-saldana.ec\/en\/ecuadorian-law-firm-torres-saldana-launches\/\" >\n\t\t\tLeer m\u00e1s \u00bb\t\t<\/a>\n\n\t\t\t\t<\/div>\n\t\t\t\t<\/article>\n\t\t\t\t<article class=\"elementor-post elementor-grid-item post-1151 post type-post status-publish format-standard has-post-thumbnail hentry category-uncategorized entry\">\n\t\t\t\t<a class=\"elementor-post__thumbnail__link\" href=\"https:\/\/torres-saldana.ec\/en\/abre-nueva-firma-en-ecuador\/\" >\n\t\t\t<div class=\"elementor-post__thumbnail\"><img decoding=\"async\" width=\"690\" height=\"554\" src=\"https:\/\/torres-saldana.ec\/wp-content\/uploads\/2022\/03\/Torres-Saldana-Abogados-Derecho-publico.jpg\" class=\"attachment-full size-full wp-image-1215\" alt=\"\" style=\"width:100%;height:80.29%;max-width:690px\" srcset=\"https:\/\/torres-saldana.ec\/wp-content\/uploads\/2022\/03\/Torres-Saldana-Abogados-Derecho-publico.jpg 690w, https:\/\/torres-saldana.ec\/wp-content\/uploads\/2022\/03\/Torres-Saldana-Abogados-Derecho-publico-300x241.jpg 300w, https:\/\/torres-saldana.ec\/wp-content\/uploads\/2022\/03\/Torres-Saldana-Abogados-Derecho-publico-15x12.jpg 15w\" sizes=\"(max-width: 690px) 100vw, 690px\" \/><\/div>\n\t\t<\/a>\n\t\t\t\t<div class=\"elementor-post__text\">\n\t\t\t\t<h3 class=\"elementor-post__title\">\n\t\t\t<a href=\"https:\/\/torres-saldana.ec\/en\/abre-nueva-firma-en-ecuador\/\" >\n\t\t\t\tOpens a new firm in Ecuador\t\t\t<\/a>\n\t\t<\/h3>\n\t\t\t\t<div class=\"elementor-post__meta-data\">\n\t\t\t\t\t<span class=\"elementor-post-date\">\n\t\t\tMarch 17, 2022\t\t<\/span>\n\t\t\t\t<\/div>\n\t\t\t\t<div class=\"elementor-post__excerpt\">\n\t\t\t<p>En Ecuador, los hermanos Diego y El\u00edas Torres Salda\u00f1a anunciaron el lanzamiento de una firma propia \u2014Torres Salda\u00f1a Abogados\u2014 con asiento en Cuenca, tercera ciudad<\/p>\n\t\t<\/div>\n\t\t\n\t\t<a class=\"elementor-post__read-more\" href=\"https:\/\/torres-saldana.ec\/en\/abre-nueva-firma-en-ecuador\/\" >\n\t\t\tLeer m\u00e1s \u00bb\t\t<\/a>\n\n\t\t\t\t<\/div>\n\t\t\t\t<\/article>\n\t\t\t\t<\/div>\n\t\t\n\t\t\t\t\t\t<\/div>\n\t\t\t\t<\/div>\n\t\t\t\t\t<\/div>\n\t\t<\/div>\n\t\t\t\t\t<\/div>\n\t\t<\/section>\n\t\t\t\t<\/div>","protected":false},"excerpt":{"rendered":"<p>Bolet\u00edn Cada cierto tiempo publicamos acerca de temas legislativos de inter\u00e9s para la sociedad. Explore nuestras publicaciones y an\u00e1lisis elaborados por nuestro equipo de profesionales.&nbsp;<\/p>","protected":false},"author":1,"featured_media":0,"parent":0,"menu_order":0,"comment_status":"closed","ping_status":"closed","template":"elementor_header_footer","meta":{"_monsterinsights_skip_tracking":false,"_monsterinsights_sitenote_active":false,"_monsterinsights_sitenote_note":"","_monsterinsights_sitenote_category":0,"footnotes":""},"class_list":["post-110","page","type-page","status-publish","hentry","entry"],"yoast_head":"<!-- This site is optimized with the Yoast SEO plugin v24.2 - https:\/\/yoast.com\/wordpress\/plugins\/seo\/ -->\n<title>Bolet\u00edn - Torres Salda\u00f1a<\/title>\n<meta name=\"robots\" content=\"index, follow, max-snippet:-1, max-image-preview:large, max-video-preview:-1\" \/>\n<link rel=\"canonical\" href=\"https:\/\/torres-saldana.ec\/en\/boletin\/\" \/>\n<meta property=\"og:locale\" content=\"en_US\" \/>\n<meta property=\"og:type\" content=\"article\" \/>\n<meta property=\"og:title\" content=\"Bolet\u00edn - Torres Salda\u00f1a\" \/>\n<meta property=\"og:description\" content=\"Bolet\u00edn Cada cierto tiempo publicamos acerca de temas legislativos de inter\u00e9s para la sociedad. Explore nuestras publicaciones y an\u00e1lisis elaborados por nuestro equipo de profesionales.&nbsp;\" \/>\n<meta property=\"og:url\" content=\"https:\/\/torres-saldana.ec\/en\/boletin\/\" \/>\n<meta property=\"og:site_name\" content=\"Torres Salda\u00f1a\" \/>\n<meta property=\"article:modified_time\" content=\"2022-03-17T02:18:21+00:00\" \/>\n<meta name=\"twitter:card\" content=\"summary_large_image\" \/>\n<script type=\"application\/ld+json\" class=\"yoast-schema-graph\">{\"@context\":\"https:\/\/schema.org\",\"@graph\":[{\"@type\":\"WebPage\",\"@id\":\"https:\/\/torres-saldana.ec\/boletin\/\",\"url\":\"https:\/\/torres-saldana.ec\/boletin\/\",\"name\":\"Bolet\u00edn - Torres Salda\u00f1a\",\"isPartOf\":{\"@id\":\"https:\/\/torres-saldana.ec\/#website\"},\"datePublished\":\"2022-01-07T03:44:30+00:00\",\"dateModified\":\"2022-03-17T02:18:21+00:00\",\"breadcrumb\":{\"@id\":\"https:\/\/torres-saldana.ec\/boletin\/#breadcrumb\"},\"inLanguage\":\"en-US\",\"potentialAction\":[{\"@type\":\"ReadAction\",\"target\":[\"https:\/\/torres-saldana.ec\/boletin\/\"]}]},{\"@type\":\"BreadcrumbList\",\"@id\":\"https:\/\/torres-saldana.ec\/boletin\/#breadcrumb\",\"itemListElement\":[{\"@type\":\"ListItem\",\"position\":1,\"name\":\"Portada\",\"item\":\"https:\/\/torres-saldana.ec\/\"},{\"@type\":\"ListItem\",\"position\":2,\"name\":\"Bolet\u00edn\"}]},{\"@type\":\"WebSite\",\"@id\":\"https:\/\/torres-saldana.ec\/#website\",\"url\":\"https:\/\/torres-saldana.ec\/\",\"name\":\"Torres Salda\u00f1a\",\"description\":\"Consultorio Jur&iacute;dico\",\"publisher\":{\"@id\":\"https:\/\/torres-saldana.ec\/#organization\"},\"potentialAction\":[{\"@type\":\"SearchAction\",\"target\":{\"@type\":\"EntryPoint\",\"urlTemplate\":\"https:\/\/torres-saldana.ec\/?s={search_term_string}\"},\"query-input\":{\"@type\":\"PropertyValueSpecification\",\"valueRequired\":true,\"valueName\":\"search_term_string\"}}],\"inLanguage\":\"en-US\"},{\"@type\":\"Organization\",\"@id\":\"https:\/\/torres-saldana.ec\/#organization\",\"name\":\"Torres Salda\u00f1a\",\"url\":\"https:\/\/torres-saldana.ec\/\",\"logo\":{\"@type\":\"ImageObject\",\"inLanguage\":\"en-US\",\"@id\":\"https:\/\/torres-saldana.ec\/#\/schema\/logo\/image\/\",\"url\":\"https:\/\/torres-saldana.ec\/wp-content\/uploads\/2022\/03\/Asset-19.png\",\"contentUrl\":\"https:\/\/torres-saldana.ec\/wp-content\/uploads\/2022\/03\/Asset-19.png\",\"width\":2751,\"height\":600,\"caption\":\"Torres Salda\u00f1a\"},\"image\":{\"@id\":\"https:\/\/torres-saldana.ec\/#\/schema\/logo\/image\/\"}}]}<\/script>\n<!-- \/ Yoast SEO plugin. -->","yoast_head_json":{"title":"Bolet\u00edn - Torres Salda\u00f1a","robots":{"index":"index","follow":"follow","max-snippet":"max-snippet:-1","max-image-preview":"max-image-preview:large","max-video-preview":"max-video-preview:-1"},"canonical":"https:\/\/torres-saldana.ec\/en\/boletin\/","og_locale":"en_US","og_type":"article","og_title":"Bolet\u00edn - Torres Salda\u00f1a","og_description":"Bolet\u00edn Cada cierto tiempo publicamos acerca de temas legislativos de inter\u00e9s para la sociedad. Explore nuestras publicaciones y an\u00e1lisis elaborados por nuestro equipo de profesionales.&nbsp;","og_url":"https:\/\/torres-saldana.ec\/en\/boletin\/","og_site_name":"Torres Salda\u00f1a","article_modified_time":"2022-03-17T02:18:21+00:00","twitter_card":"summary_large_image","schema":{"@context":"https:\/\/schema.org","@graph":[{"@type":"WebPage","@id":"https:\/\/torres-saldana.ec\/boletin\/","url":"https:\/\/torres-saldana.ec\/boletin\/","name":"Bolet\u00edn - Torres Salda\u00f1a","isPartOf":{"@id":"https:\/\/torres-saldana.ec\/#website"},"datePublished":"2022-01-07T03:44:30+00:00","dateModified":"2022-03-17T02:18:21+00:00","breadcrumb":{"@id":"https:\/\/torres-saldana.ec\/boletin\/#breadcrumb"},"inLanguage":"en-US","potentialAction":[{"@type":"ReadAction","target":["https:\/\/torres-saldana.ec\/boletin\/"]}]},{"@type":"BreadcrumbList","@id":"https:\/\/torres-saldana.ec\/boletin\/#breadcrumb","itemListElement":[{"@type":"ListItem","position":1,"name":"Portada","item":"https:\/\/torres-saldana.ec\/"},{"@type":"ListItem","position":2,"name":"Bolet\u00edn"}]},{"@type":"WebSite","@id":"https:\/\/torres-saldana.ec\/#website","url":"https:\/\/torres-saldana.ec\/","name":"Torres Salda\u00f1a","description":"Consultorio Jur&iacute;dico","publisher":{"@id":"https:\/\/torres-saldana.ec\/#organization"},"potentialAction":[{"@type":"SearchAction","target":{"@type":"EntryPoint","urlTemplate":"https:\/\/torres-saldana.ec\/?s={search_term_string}"},"query-input":{"@type":"PropertyValueSpecification","valueRequired":true,"valueName":"search_term_string"}}],"inLanguage":"en-US"},{"@type":"Organization","@id":"https:\/\/torres-saldana.ec\/#organization","name":"Torres Salda\u00f1a","url":"https:\/\/torres-saldana.ec\/","logo":{"@type":"ImageObject","inLanguage":"en-US","@id":"https:\/\/torres-saldana.ec\/#\/schema\/logo\/image\/","url":"https:\/\/torres-saldana.ec\/wp-content\/uploads\/2022\/03\/Asset-19.png","contentUrl":"https:\/\/torres-saldana.ec\/wp-content\/uploads\/2022\/03\/Asset-19.png","width":2751,"height":600,"caption":"Torres Salda\u00f1a"},"image":{"@id":"https:\/\/torres-saldana.ec\/#\/schema\/logo\/image\/"}}]}},"_links":{"self":[{"href":"https:\/\/torres-saldana.ec\/en\/wp-json\/wp\/v2\/pages\/110","targetHints":{"allow":["GET"]}}],"collection":[{"href":"https:\/\/torres-saldana.ec\/en\/wp-json\/wp\/v2\/pages"}],"about":[{"href":"https:\/\/torres-saldana.ec\/en\/wp-json\/wp\/v2\/types\/page"}],"author":[{"embeddable":true,"href":"https:\/\/torres-saldana.ec\/en\/wp-json\/wp\/v2\/users\/1"}],"replies":[{"embeddable":true,"href":"https:\/\/torres-saldana.ec\/en\/wp-json\/wp\/v2\/comments?post=110"}],"version-history":[{"count":31,"href":"https:\/\/torres-saldana.ec\/en\/wp-json\/wp\/v2\/pages\/110\/revisions"}],"predecessor-version":[{"id":1173,"href":"https:\/\/torres-saldana.ec\/en\/wp-json\/wp\/v2\/pages\/110\/revisions\/1173"}],"wp:attachment":[{"href":"https:\/\/torres-saldana.ec\/en\/wp-json\/wp\/v2\/media?parent=110"}],"curies":[{"name":"wp","href":"https:\/\/api.w.org\/{rel}","templated":true}]}}